{"id":32329,"date":"2023-09-27T16:11:17","date_gmt":"2023-09-27T21:11:17","guid":{"rendered":"https:\/\/planview1s.wpengine.com\/?page_id=32329"},"modified":"2026-02-12T12:12:46","modified_gmt":"2026-02-12T18:12:46","slug":"the-economist-impact","status":"publish","type":"page","link":"https:\/\/www.planview.com\/lp\/the-economist-impact\/","title":{"rendered":"Economist Impact"},"content":{"rendered":"<section class=\"solutions-hero default economist\" style=\"background-image: url(https:\/\/media.planview.com\/wp-content\/uploads\/2023\/10\/economist-impact-1.jpg)\">\n  <div class=\"inner\">\n    <div class=\"container\">\n      <div class=\"solutions-flex-row\"> \n        <div class=\"hero-container\">\n                                    <h1 class=\"l2-heading\">Economist Impact<\/h1>\n                                      <h2 class=\"l1-heading\">Bridging the Gap: Turning Strategy into Reality<\/h2>\n                                \n                    <div class=\"button-wrapper\">\n                          <a href=\"https:\/\/info.planview.com\/advancing-strategy-to-thrive-in-the-digital-age-_report_plt_en_view.html\" class=\"tertiary\">Read the Executive Summary<\/a>\n                      <\/div>\n                    <p><h3 class=\"l5-heading\">600 executives were asked about implementing strategy. Here\u2019s what they said.<\/h3>\r\n<p>Digitalization is imperative. Yet new research says 85% of executives say their organization\u2019s ability to adapt to change falls short. What are the implications for leaders? <\/p><\/p>\n        <\/div>\n      <\/div>\n    <\/div>\n  <\/div>\n  <span id=\"stickyHeaderAnchor\"><\/span>\n<\/section>\n\n\n\n\n<section class=\"generic economist-report french\">\n  <div class=\"container\" style=\"min-height: 385px\">\n  <div class=\"economist-content\">\n    <div class=\"image-holder\">\n    \t<img decoding=\"async\" class=\"side-img\" src=\"https:\/\/media.planview.com\/wp-content\/uploads\/2024\/03\/economist-impact-french-3-e1711555767140.jpg\" alt=\"\"\/>\n\n    <\/div>\n    <div class=\"content-holder\">\n    \n     <h2 class=\"l2-heading\">Ex\u00e9cution de la strat\u00e9gie en France<\/h2>\n  \t<hr class=\"stubby\" \/>\n    <p>La capacit\u00e9 \u00e0 changer rapidement de cap en fonction de l&#8217;\u00e9volution du march\u00e9 est d\u00e9cisive pour une ex\u00e9cution efficace de votre strat\u00e9gie. Cependant, les cadres de nombreuses entreprises fran\u00e7aises d\u00e9plorent le manque d&#8217;agilit\u00e9 de leur organisation et l&#8217;absence de clart\u00e9 de leur feuille de route.<\/p>\n    <a href=\"https:\/\/info.planview.com\/mapping-pathway-strategic-objectives-_infographic_plt_fr_view.html\" class=\"button large primary has-subtext\">T\u00e9l\u00e9charger l&#8217;infographie<\/a>\n    <\/div>\n  \n  <\/div> \n<\/div> \n<\/section>\n\n<section class=\"generic economist-report\">\n  \n<div class=\"container\" style=\"min-height: 685px\">\n  <div class=\"economist-content\">\n    <div class=\"image-holder\">\n    \t<img decoding=\"async\" class=\"side-img\" src=\"https:\/\/media.planview.com\/wp-content\/uploads\/2023\/09\/Asset-Content-min.jpg\" alt=\"\"\/>\n\n    <\/div>\n    <div class=\"content-holder\">\n    \n     <h2 class=\"l2-heading\">The Economist Impact survey, commissioned by Planview, exposes the disconnects in underperforming transformations.<\/h2>\n  \t<hr class=\"stubby\" \/>\n    <p>Digitalization has a strategy implementation problem, threaded from decision making to delivery \u2013 and rooted in waste.<\/p>\n    <ul>\n      <li>Just 14% of respondents expressed confidence in their company\u2019s decision-making governance.<\/li>\n      <li>84% of executives recognize the need to improve goal-setting and performance-monitoring systems.<\/li>\n      <li>Only 20% of respondents are confident in the resources allocated for strategy implementation.<\/li>\n    <\/ul>\n    <p>The findings revealed essential requirements that formed the basis for five recommendations, collectively driving successful strategy implementation.<\/p>\n    <a href=\"https:\/\/info.planview.com\/bridging-the-gap-turning-strategy-into-reality-_report_plt_en_reg.html\" class=\"button large primary has-subtext\">Get the Report<span class=\"subtext\">See the survey results<\/span><\/a>\n    <\/div>\n  \n  <\/div> \n<\/div> \n<\/section>\n\n<section class=\"solutions-main-grid economist has-featured style-6\">\n  <div class=\"container\">\n                  <h2 class=\"l2-heading\">Explore more insights from the Economist Impact survey and other sources<\/h2>\n                        <ul class=\"resources-grid\">\n          \n                                <li class=\"main\">\n            \n            <div class=\"heading\">\n  <h3 class=\"lead\"><\/h3>\n  <h2 class=\"l3-heading\">Curbing the Cost of Digital Waste<\/h2>\n  <hr class=\"stubby\">\n<\/div>\n<div class=\"featured-content\">\n  <p>Your company\u2019s digital transformation wastes millions each\r\nyear on failed strategy implementation. New research\r\nshows how to maximize your return on digital investments.<\/p>\n  \t  <a href=\"https:\/\/info.planview.com\/curbing-the-cost-of-digital-waste-_infographic_plt_en_view.html\" target=\"_blank\" rel=\"noopener noreferrer\" class=\"tertiary\" >\n\t    Get the infographic\n\t    <span class=\"sr-only pv-sl-split SL_split\"> \u2022 Curbing the Cost of Digital Waste<\/span>\n\t  <\/a>\n  <\/div>\n  <img decoding=\"async\" class=\"\" src=\"https:\/\/media.planview.com\/wp-content\/uploads\/2023\/09\/curbing-the-cost-1.jpg\" alt=\"Curbing the Cost of Digital Waste\" width=\"472\" height=\"337\" \/>\n\n          <\/li>\n                        <li class=\"sub-grid  grid1\" style=\"background-image: url(https:\/\/media.planview.com\/wp-content\/uploads\/2023\/09\/ai-boardroom-by-storm-cropped.jpg)\">\n          <div class=\"inner\">\n            <div class=\"grid-wrapper \">\n  <h3 class=\"heading\">Bridging the gap: making strategy a reality<\/h3>\n    \t<p>A discussion programmed by Economist Impact and sponsored by Planview<\/p>\n    \t  <a href=\"https:\/\/info.planview.com\/economist-impact-bridging-the-gap-OD-_webinar_plt_en_reg.html\" target=\"_blank\" rel=\"noopener noreferrer\" class=\"tertiary \" >\n\t    Watch the webinar\n\t    <span class=\"sr-only pv-sl-split SL_split\"> \u2022 Bridging the gap: making strategy a reality<\/span>\n\t  <\/a>\n  <\/div>\n          <\/div>\n        <\/li>\n                <li class=\"sub-grid overlay-style grid2\" style=\"background-image: url(https:\/\/media.planview.com\/wp-content\/uploads\/2023\/09\/HeroImage7-7.jpg)\">\n          <div class=\"inner\">\n            <div class=\"grid-wrapper align-bottom\">\n  <h3 class=\"heading\">Decision Making in the Era of Growing Constraints <\/h3>\n    \t<p>Companies that transform the quality and speed of their decisions consistently outperform their competitors.<\/p>\n    \t  <a href=\"https:\/\/blog.planview.com\/decision-making-in-the-era-of-growing-constraints-part-1\/\" target=\"_blank\" rel=\"noopener noreferrer\" class=\"tertiary alt\" >\n\t    Read the blog\n\t    <span class=\"sr-only pv-sl-split SL_split\"> \u2022 Decision Making in the Era of Growing Constraints <\/span>\n\t  <\/a>\n  <\/div>\n          <\/div>\n        <\/li>\n                <li class=\"sub-grid  grid3\" style=\"background-image: url(https:\/\/media.planview.com\/wp-content\/uploads\/2023\/09\/iStock-1293720954-scaled.jpg)\">\n          <div class=\"inner\">\n            <div class=\"grid-wrapper \">\n  <h3 class=\"heading\">Driving Transformation When Change is Exponential<\/h3>\n    \t<p>Why bridging the strategy-execution gap is essential for transformation<\/p>\n    \t  <a href=\"https:\/\/info.planview.com\/driving-transformation-when-change-is-exponential-_article_plt_en_view.html\" target=\"_blank\" rel=\"noopener noreferrer\" class=\"tertiary \" >\n\t    Read the article\n\t    <span class=\"sr-only pv-sl-split SL_split\"> \u2022 Driving Transformation When Change is Exponential<\/span>\n\t  <\/a>\n  <\/div>\n          <\/div>\n        <\/li>\n                <li class=\"sub-grid overlay-style grid4\" style=\"background-image: url(https:\/\/media.planview.com\/wp-content\/uploads\/2023\/12\/iStock-1322243682.jpg)\">\n          <div class=\"inner\">\n            <div class=\"grid-wrapper align-bottom\">\n  <h3 class=\"heading\">Beyond the Decision Point: Ensuring Good Ideas Yield Great Results<\/h3>\n    \t<p>Research shows why quality decision-making and effective strategy implementation carry equal weight in maintaining your competitive edge.<\/p>\n    \t  <a href=\"https:\/\/info.planview.com\/beyond-the-decision-point-_infographic_plt_en_view.html.html\" target=\"_blank\" rel=\"noopener noreferrer\" class=\"tertiary alt\" >\n\t    Get the infographic\n\t    <span class=\"sr-only pv-sl-split SL_split\"> \u2022 Beyond the Decision Point: Ensuring Good Ideas Yield Great Results<\/span>\n\t  <\/a>\n  <\/div>\n          <\/div>\n        <\/li>\n                <li class=\"sub-grid  grid5\" style=\"background-image: url(https:\/\/media.planview.com\/wp-content\/uploads\/2023\/12\/iStock-1447176653.jpg)\">\n          <div class=\"inner\">\n            <div class=\"grid-wrapper \">\n  <h3 class=\"heading\">Kartieren des Erfolgsweg Ihrer Strategien<\/h3>\n    \t<p>eine Betrachtung aus Sicht von\r\nF\u00fchrungskr\u00e4ften in Deutschland<\/p>\n    \t  <a href=\"https:\/\/info.planview.com\/rs\/456-QCH-520\/images\/Economist-Impact-Mapping-the-Pathway-DE.pdf\" target=\"_blank\" rel=\"noopener noreferrer\" class=\"tertiary \" >\n\t    Get the infographic\n\t    <span class=\"sr-only pv-sl-split SL_split\"> \u2022 Kartieren des Erfolgsweg Ihrer Strategien<\/span>\n\t  <\/a>\n  <\/div>\n          <\/div>\n        <\/li>\n              <\/ul>\n          <\/div>\n<\/section>\n\n\n<section class=\"generic economist-quote\">\n  <div class=\"container\">\n  <span class=\"icon-quote\"><\/span>\n  <blockquote>\n    \u201cCompanies must be able to quickly analyze and adapt or evolve their strategy \u2013 and how those changes are executed \u2013 while still driving important outcomes. The key to this is closing the strategy-implementation gap and connecting company strategy and how work is executed across the business.\u201d\n  <\/blockquote>\n  <hr class=\"stubby\" \/>\n  <div class=\"author\">\n    <img decoding=\"async\" src=\"https:\/\/media.planview.com\/wp-content\/uploads\/2023\/09\/Screen-Shot-2023-08-16-at-8.11-2.png\" \/>\n    <strong>Razat Gaurav<\/strong>\n    <span>Chief Executive Officer, Planview<\/span>\n  <\/div>\n<\/div> \n<\/section>\n\n<section class=\"generic \">\n  <section class=\"final-plea\">\n  <div class=\"container\">\n    <p>Planview has one mission: to build the future of connected work, from ideas to impact. Planview helps organizations accelerate the achievement of what matters most, supporting our customers from need to speed, from passion to progress, and from overhead to optimization. Our connected platform of solutions underpins the business and digital transformations of more than 3,000 customers globally, including 59 of the Fortune 100. Planview empowers enterprises to improve time-to-market and predictability, increase efficiency to unlock capacity, and ensure their most strategic initiatives deliver the desired business outcomes.<\/p>\n    <div class=\"vidyard-video-article\">\n      \n      <img decoding=\"async\" style=\"width: 100%;margin: auto\" src=\"https:\/\/play.vidyard.com\/VK2Q1F7qp6n8UMWy7QKxQZ.jpg\" class=\"vidyard-player-embed\" data-uuid=\"VK2Q1F7qp6n8UMWy7QKxQZ\" data-v=\"4\" data-type=\"inline\" alt=\"Vidyard Video\" \/>\n    <\/div>\n  <\/div>\n <\/section> \n<\/section>\n\n<section class=\"quote-top-banner \">\n  <div class=\"container\">\n    <p class=\"l2-heading\">Our solutions empower over 4500 customers and 2.6 million users worldwide<\/p>\n  <\/div>\n<\/section>\n\n\n<section class=\"generic partner-list-carousel dark\">\n  <div class=\"container\">\n  <ul id=\"partnerList\" class=\"list solutions\">    \n    <li><span class=\"badge-nation-wide\" title=\"Nationwide Building Society\"><span class=\"sr-only\">Nationwide Building Society<\/span><\/span><\/li>\n    <li><span class=\"badge-citi\" title=\"Citi\"><span class=\"sr-only\">Citi<\/span><\/span><\/li>\n    <li><span class=\"badge-dell\" title=\"Dell\"><span class=\"sr-only\">Dell<\/span><\/span><\/li> \n    <li><span class=\"badge-novartis\" title=\"Novartis\"><span class=\"sr-only\">Novartis<\/span><\/span><\/li>\n    <li><span class=\"badge-agropur\" title=\"Agropur\"><span class=\"sr-only\">Agropur<\/span><\/span><\/li>\n    <li><span class=\"badge-allianz\" title=\"Allianz\"><span class=\"sr-only\">Allianz<\/span><\/span><\/li>\n    <li><span class=\"badge-davita\" title=\"DaVita\"><span class=\"sr-only\">DaVita<\/span><\/span><\/li>\n    <li><span class=\"badge-viessmann\" title=\"Viessmann\"><span class=\"sr-only\">Viessmann<\/span><\/span><\/li>\n    <li><span class=\"badge-volkswagen\" title=\"VW Volkswagen\"><span class=\"sr-only\">VW Volkswagen<\/span><\/span><\/li>\n    <li><span class=\"badge-box\" title=\"Box\"><span class=\"sr-only\">Box<\/span><\/span><\/li>\n    <li><span class=\"badge-natwest\" title=\"NatWest\"><span class=\"sr-only\">NatWest<\/span><\/span><\/li>\n    <li><span class=\"badge-walmart\" title=\"Walmart\"><span class=\"sr-only\">Walmart<\/span><\/span><\/li>\n    <li><span class=\"badge-diageo\" title=\"Diageo\"><span class=\"sr-only\">Diageo<\/span><\/span><\/li>\n    <li><span class=\"badge-pfizer\" title=\"Pfizer\"><span class=\"sr-only\">Pfizer<\/span><\/span><\/li>\n    <li><span class=\"badge-akzonobel\" title=\"AkzoNobel\"><span class=\"sr-only\">AkzoNobel<\/span><\/span><\/li>\n    <li><span class=\"badge-ups\" title=\"UPS United Parcel Service\"><span class=\"sr-only\">UPS United Parcel Service<\/span><\/span><\/li>\n    <li><span class=\"badge-beam\" title=\"Beam\"><span class=\"sr-only\">Beam<\/span><\/span><\/li>\n    <li><span class=\"badge-conagra\" title=\"Conagra Brands\"><span class=\"sr-only\">Conagra Brands<\/span><\/span><\/li>\n    <li><span class=\"badge-volvo\" title=\"Volvo\"><span class=\"sr-only\">Volvo<\/span><\/span><\/li>\n    <li><span class=\"badge-danone\" title=\"Danone\"><span class=\"sr-only\">Danone<\/span><\/span><\/li>\n    <li><span class=\"badge-siemens\" title=\"Siemens\"><span class=\"sr-only\">Siemens<\/span><\/span><\/li>\n    <li><span class=\"badge-roche\" title=\"Roche\"><span class=\"sr-only\">Roche<\/span><\/span><\/li>\n    <li><span class=\"badge-de-beers\" title=\"De Beers Jewelers\"><span class=\"sr-only\">De Beers Jewelers<\/span><\/span><\/li>\n    <li><span class=\"badge-honeywell\" title=\"Honeywell\"><span class=\"sr-only\">Honeywell<\/span><\/span><\/li>\n    <li><span class=\"badge-metlife\" title=\"MetLife\"><span class=\"sr-only\">MetLife<\/span><\/span><\/li>\n    <li><span class=\"badge-ea\" title=\"EA Sports\"><span class=\"sr-only\">EA Sports<\/span><\/span><\/li>\n    <li><span class=\"badge-bcbs\" title=\"BCBS Blue Cross Blue Shield\"><span class=\"sr-only\">BCBS Blue Cross Blue Shield<\/span><\/span><\/li>\n    <li><span class=\"badge-vodafone\" title=\"Vodafone Group\"><span class=\"sr-only\">Vodafone Group<\/span><\/span><\/li>\n    <li><span class=\"badge-commonwealth\" title=\"Commonwealth Bank\"><span class=\"sr-only\">Commonwealth Bank<\/span><\/span><\/li>\n    <li><span class=\"badge-abbott\" title=\"Abbott Nutrition\"><span class=\"sr-only\">Abbott Nutrition<\/span><\/span><\/li>\n    <li><span class=\"badge-thermo\" title=\"Thermo Fisher Scientific\"><span class=\"sr-only\">Thermo Fisher Scientific<\/span><\/span><\/li>\n    <li><span class=\"badge-abb\" title=\"ABB Group\"><span class=\"sr-only\">ABB Group<\/span><\/span><\/li>\n  <\/ul>\n  <div style=\"margin-top: 32px\" ><\/div>\n<\/div> \n<\/section>\n\n<section class=\"solutions-demo \">\n  <div class=\"inner\">\n    <div class=\"container\">\n            <h2 class=\"l2-heading\">5 research-based recommendations on implementing your strategy from the Economist Impact survey, commissioned by Planview<\/h2>\n                    <p>\n                      <a href=\"https:\/\/info.planview.com\/bridging-the-gap-turning-strategy-into-reality-_report_plt_en_reg.html\" class=\"button primary large has-subtext\" target=\"_blank\" rel=\"noopener noreferrer\">Get the Report<span class=\"subtext\">See the survey results<\/span><\/a>\n                  <\/p>\n            \n          <\/div>\n  <\/div>\n<\/section>\n","protected":false},"excerpt":{"rendered":"","protected":false},"author":26206,"featured_media":0,"parent":11925,"menu_order":0,"comment_status":"closed","ping_status":"closed","template":"page-minimal-w-logo.php","meta":{"_acf_changed":true,"_themeisle_gutenberg_block_has_review":false,"footnotes":""},"class_list":["post-32329","page","type-page","status-publish","hentry"],"acf":[],"yoast_head":"<!-- This site is optimized with the Yoast SEO plugin v26.9 - https:\/\/yoast.com\/product\/yoast-seo-wordpress\/ -->\n<title>Economist Impact | Planview<\/title>\n<meta name=\"description\" content=\"600 executives were asked about implementing strategy. Here\u2019s what they said.\" \/>\n<meta name=\"robots\" content=\"index, follow, max-snippet:-1, max-image-preview:large, max-video-preview:-1\" \/>\n<link rel=\"canonical\" href=\"https:\/\/www.planview.com\/lp\/the-economist-impact\/\" \/>\n<meta property=\"og:locale\" content=\"en_US\" \/>\n<meta property=\"og:type\" content=\"article\" \/>\n<meta property=\"og:title\" content=\"Economist Impact | Planview\" \/>\n<meta property=\"og:description\" content=\"600 executives were asked about implementing strategy. Here\u2019s what they said.\" \/>\n<meta property=\"og:url\" content=\"https:\/\/www.planview.com\/lp\/the-economist-impact\/\" \/>\n<meta property=\"og:site_name\" content=\"Planview\" \/>\n<meta property=\"article:publisher\" content=\"https:\/\/www.facebook.com\/PlanviewCo\/\" \/>\n<meta property=\"article:modified_time\" content=\"2026-02-12T18:12:46+00:00\" \/>\n<meta property=\"og:image\" content=\"https:\/\/media.planview.com\/wp-content\/uploads\/2020\/01\/social-planview-rebrand-min.jpg\" \/>\n\t<meta property=\"og:image:width\" content=\"400\" \/>\n\t<meta property=\"og:image:height\" content=\"400\" \/>\n\t<meta property=\"og:image:type\" content=\"image\/jpeg\" \/>\n<meta name=\"twitter:card\" content=\"summary_large_image\" \/>\n<meta name=\"twitter:image\" content=\"https:\/\/media.planview.com\/wp-content\/uploads\/2020\/01\/social-planview-rebrand-min.jpg\" \/>\n<meta name=\"twitter:site\" content=\"@Planview\" \/>\n<script type=\"application\/ld+json\" class=\"yoast-schema-graph\">{\"@context\":\"https:\/\/schema.org\",\"@graph\":[{\"@type\":\"WebPage\",\"@id\":\"https:\/\/www.planview.com\/lp\/the-economist-impact\/\",\"url\":\"https:\/\/www.planview.com\/lp\/the-economist-impact\/\",\"name\":\"Economist Impact | Planview\",\"isPartOf\":{\"@id\":\"https:\/\/www.planview.com\/#website\"},\"datePublished\":\"2023-09-27T21:11:17+00:00\",\"dateModified\":\"2026-02-12T18:12:46+00:00\",\"description\":\"600 executives were asked about implementing strategy. Here\u2019s what they said.\",\"breadcrumb\":{\"@id\":\"https:\/\/www.planview.com\/lp\/the-economist-impact\/#breadcrumb\"},\"inLanguage\":\"en-US\",\"potentialAction\":[{\"@type\":\"ReadAction\",\"target\":[\"https:\/\/www.planview.com\/lp\/the-economist-impact\/\"]}]},{\"@type\":\"BreadcrumbList\",\"@id\":\"https:\/\/www.planview.com\/lp\/the-economist-impact\/#breadcrumb\",\"itemListElement\":[{\"@type\":\"ListItem\",\"position\":1,\"name\":\"Home\",\"item\":\"https:\/\/www.planview.com\/\"},{\"@type\":\"ListItem\",\"position\":2,\"name\":\"This page is being redirected\",\"item\":\"https:\/\/www.planview.com\/lp\/\"},{\"@type\":\"ListItem\",\"position\":3,\"name\":\"Economist Impact\"}]},{\"@type\":\"WebSite\",\"@id\":\"https:\/\/www.planview.com\/#website\",\"url\":\"https:\/\/www.planview.com\/\",\"name\":\"Planview\",\"description\":\"\",\"potentialAction\":[{\"@type\":\"SearchAction\",\"target\":{\"@type\":\"EntryPoint\",\"urlTemplate\":\"https:\/\/www.planview.com\/?s={search_term_string}\"},\"query-input\":{\"@type\":\"PropertyValueSpecification\",\"valueRequired\":true,\"valueName\":\"search_term_string\"}}],\"inLanguage\":\"en-US\"}]}<\/script>\n<!-- \/ Yoast SEO plugin. -->","yoast_head_json":{"title":"Economist Impact | Planview","description":"600 executives were asked about implementing strategy. Here\u2019s what they said.","robots":{"index":"index","follow":"follow","max-snippet":"max-snippet:-1","max-image-preview":"max-image-preview:large","max-video-preview":"max-video-preview:-1"},"canonical":"https:\/\/www.planview.com\/lp\/the-economist-impact\/","og_locale":"en_US","og_type":"article","og_title":"Economist Impact | Planview","og_description":"600 executives were asked about implementing strategy. Here\u2019s what they said.","og_url":"https:\/\/www.planview.com\/lp\/the-economist-impact\/","og_site_name":"Planview","article_publisher":"https:\/\/www.facebook.com\/PlanviewCo\/","article_modified_time":"2026-02-12T18:12:46+00:00","og_image":[{"width":400,"height":400,"url":"https:\/\/media.planview.com\/wp-content\/uploads\/2020\/01\/social-planview-rebrand-min.jpg","type":"image\/jpeg"}],"twitter_card":"summary_large_image","twitter_image":"https:\/\/media.planview.com\/wp-content\/uploads\/2020\/01\/social-planview-rebrand-min.jpg","twitter_site":"@Planview","schema":{"@context":"https:\/\/schema.org","@graph":[{"@type":"WebPage","@id":"https:\/\/www.planview.com\/lp\/the-economist-impact\/","url":"https:\/\/www.planview.com\/lp\/the-economist-impact\/","name":"Economist Impact | Planview","isPartOf":{"@id":"https:\/\/www.planview.com\/#website"},"datePublished":"2023-09-27T21:11:17+00:00","dateModified":"2026-02-12T18:12:46+00:00","description":"600 executives were asked about implementing strategy. Here\u2019s what they said.","breadcrumb":{"@id":"https:\/\/www.planview.com\/lp\/the-economist-impact\/#breadcrumb"},"inLanguage":"en-US","potentialAction":[{"@type":"ReadAction","target":["https:\/\/www.planview.com\/lp\/the-economist-impact\/"]}]},{"@type":"BreadcrumbList","@id":"https:\/\/www.planview.com\/lp\/the-economist-impact\/#breadcrumb","itemListElement":[{"@type":"ListItem","position":1,"name":"Home","item":"https:\/\/www.planview.com\/"},{"@type":"ListItem","position":2,"name":"This page is being redirected","item":"https:\/\/www.planview.com\/lp\/"},{"@type":"ListItem","position":3,"name":"Economist Impact"}]},{"@type":"WebSite","@id":"https:\/\/www.planview.com\/#website","url":"https:\/\/www.planview.com\/","name":"Planview","description":"","potentialAction":[{"@type":"SearchAction","target":{"@type":"EntryPoint","urlTemplate":"https:\/\/www.planview.com\/?s={search_term_string}"},"query-input":{"@type":"PropertyValueSpecification","valueRequired":true,"valueName":"search_term_string"}}],"inLanguage":"en-US"}]}},"_links":{"self":[{"href":"https:\/\/www.planview.com\/wp-json\/wp\/v2\/pages\/32329","targetHints":{"allow":["GET"]}}],"collection":[{"href":"https:\/\/www.planview.com\/wp-json\/wp\/v2\/pages"}],"about":[{"href":"https:\/\/www.planview.com\/wp-json\/wp\/v2\/types\/page"}],"author":[{"embeddable":true,"href":"https:\/\/www.planview.com\/wp-json\/wp\/v2\/users\/26206"}],"replies":[{"embeddable":true,"href":"https:\/\/www.planview.com\/wp-json\/wp\/v2\/comments?post=32329"}],"version-history":[{"count":0,"href":"https:\/\/www.planview.com\/wp-json\/wp\/v2\/pages\/32329\/revisions"}],"up":[{"embeddable":true,"href":"https:\/\/www.planview.com\/wp-json\/wp\/v2\/pages\/11925"}],"wp:attachment":[{"href":"https:\/\/www.planview.com\/wp-json\/wp\/v2\/media?parent=32329"}],"curies":[{"name":"wp","href":"https:\/\/api.w.org\/{rel}","templated":true}]}}